{"id":98,"date":"2023-01-21T18:53:59","date_gmt":"2023-01-21T18:53:59","guid":{"rendered":"https:\/\/fhgestoria.es\/?page_id=98"},"modified":"2023-04-05T13:52:41","modified_gmt":"2023-04-05T13:52:41","slug":"ett","status":"publish","type":"page","link":"https:\/\/fhgestoria.es\/index.php\/ett\/","title":{"rendered":"ETT\/\u4eba\u529b\u8d44\u6e90\u7ba1\u7406"},"content":{"rendered":"\n<div class=\"wp-block-columns is-layout-flex wp-container-6 wp-block-columns-is-layout-flex\">\n<div class=\"wp-block-column is-layout-flow wp-block-column-is-layout-flow\" style=\"flex-basis:100%\">\n<div class=\"wp-block-group has-background is-layout-constrained wp-block-group-is-layout-constrained\" style=\"background:linear-gradient(135deg,rgb(238,238,238) 82%,rgb(169,184,195) 100%)\">\n<p><strong>F&amp;Help \u51ed\u501f\u5728\u897f\u73ed\u4e8c\u5341\u591a\u5e74\u7684\u4e13\u4e1a\u7ecf\u9a8c\u548c\u5404\u884c\u4e1a\u4e30\u5bcc\u8d44\u6e90\uff0c\u65b0\u589e\u4eba\u529b\u8d44\u6e90\u5916\u5305\u670d<br>\u52a1\uff0c\u627f\u63a5\u897f\u73ed\u7259\u70ed\u95e8\u884c\u4e1a\u5927\u91cf\u5de5\u4f5c\u5c97\u4f4d\uff0c \u4e3a\u534e\u4eba\u63d0\u4f9b\u5404\u79cd\u5de5\u4f5c\u5c97\u4f4d\u3002<\/strong><\/p>\n\n\n\n<div class=\"wp-block-columns is-layout-flex wp-container-3 wp-block-columns-is-layout-flex\">\n<div class=\"wp-block-column is-layout-flow wp-block-column-is-layout-flow\">\n<p><strong>\u884c\u4e1a\u4f18\u52bf\uff1a<\/strong><\/p>\n\n\n\n<ul>\n<li>\u897f\u73ed\u7259\u672c\u571f\u4f01\u4e1a\u53ca\u8de8\u56fd\u4f01\u4e1a\uff0c\u4e13\u4e1a\uff0c\u85aa\u8d44\u798f\u5229\u4f18\u8d8a<\/li>\n\n\n\n<li>\u4fdd\u8bc1\u534e\u4eba\u5de5\u4f5c\u8005\u6743\u76ca\uff0c\u6709\u4e13\u4e1a\u6cd5\u5f8b\u56e2\u961f\u4fdd\u969c<\/li>\n\n\n\n<li>\u897f\u73ed\u7259\u4eba\u56e2\u961f\u5168\u7a0b\u534f\u52a9\u6c9f\u901a\uff0c\u5b89\u5fc3\u65e0\u5fe7<\/li>\n\n\n\n<li>\u642d\u5efa\u4e13\u4e1a\u5de5\u4f5c\u5e73\u53f0\uff0c\u4ee5\u83b7\u5f97\u6301\u7eed\u5de5\u4f5c\u673a\u4f1a<\/li>\n\n\n\n<li>\u63d0\u4f9b\u5c97\u524d\u5de5\u4f5c\u57f9\u8bad\u673a\u4f1a\uff0c\u83b7\u5f97\u70ed\u95e8\u5c31\u4e1a\u673a\u4f1a<\/li>\n<\/ul>\n<\/div>\n\n\n\n<div class=\"wp-block-column is-layout-flow wp-block-column-is-layout-flow\">\n<p><strong>\u73b0\u6709\u884c\u4e1a\u9700\u6c42<\/strong><\/p>\n\n\n\n<ul>\n<li>\u5efa\u7b51\u65bd\u5de5<\/li>\n\n\n\n<li>\u592a\u9633\u80fd\u884c\u4e1a\u65bd\u5de5<\/li>\n\n\n\n<li>\u9152\u5e97\u670d\u52a1<\/li>\n\n\n\n<li>\u65c5\u6e38\u670d\u52a1<\/li>\n\n\n\n<li>\u5de5\u5382\u64cd\u4f5c<\/li>\n\n\n\n<li>\u519c\u4e1a\u64cd\u4f5c<\/li>\n<\/ul>\n<\/div>\n<\/div>\n<\/div>\n<\/div>\n<\/div>\n\n\n\n<p class=\"has-background\" style=\"background:linear-gradient(135deg,rgb(238,238,238) 51%,rgb(169,184,195) 100%)\">En su<span class=\"highlight\"> <mark style=\"background-color:rgba(0, 0, 0, 0)\" class=\"has-inline-color has-ti-bg-inv-color\">larga trayectoria<\/mark><\/span> y <strong>experiencia <\/strong>como <strong>asesor\u00eda laboral<\/strong> y de <strong>RR.HH.<\/strong> a diferentes empresas y particulares les ofrecemos nuestro servicio de intermediaci\u00f3n laboral entre aut\u00f3nomos y empresas que requieran sus servicios.<br>Nuestro departamento de RR.HH. selecciona al profesional, y <strong>sin ning\u00fan coste<\/strong> para su empresa, que necesite, d\u00e1ndole la mayor seguridad de encontrar lo que busca, un buen trabajo realizado y con el mejor precio. Adem\u00e1s dentro de nuestros servicios tenemos profesionales biling\u00fces <strong>chino-espa\u00f1ol<\/strong>.<\/p>\n\n\n\n<figure class=\"wp-block-image size-large\"><img decoding=\"async\" loading=\"lazy\" width=\"1024\" height=\"682\" src=\"https:\/\/fhgestoria.es\/wp-content\/uploads\/2023\/03\/pexels-pixabay-327540-1024x682.jpg\" alt=\"\" class=\"wp-image-205\" srcset=\"https:\/\/fhgestoria.es\/wp-content\/uploads\/2023\/03\/pexels-pixabay-327540-1024x682.jpg 1024w, https:\/\/fhgestoria.es\/wp-content\/uploads\/2023\/03\/pexels-pixabay-327540-300x200.jpg 300w, https:\/\/fhgestoria.es\/wp-content\/uploads\/2023\/03\/pexels-pixabay-327540-768x511.jpg 768w, https:\/\/fhgestoria.es\/wp-content\/uploads\/2023\/03\/pexels-pixabay-327540-1536x1022.jpg 1536w, https:\/\/fhgestoria.es\/wp-content\/uploads\/2023\/03\/pexels-pixabay-327540-2048x1363.jpg 2048w\" sizes=\"(max-width: 1024px) 100vw, 1024px\" \/><\/figure>\n\n\n\n<p class=\"has-background\" style=\"background:linear-gradient(135deg,rgb(238,238,238) 58%,rgb(169,184,195) 100%)\"><br>En nuestra extensa base de datos tenemos los profesionales que Ud. necesita y que se ajustan a sus necesidades, sin tener la preocupaci\u00f3n de contratar a trabajadores con todos los gastos que eso conlleva, y con toda la seguridad en materia laboral que precise.<br>Ofrecemos a las empresas profesionales de todas las actividades que requieran:<br><strong>Construcci\u00f3n<\/strong>: Reformas integrales, pintores, carpinteros met\u00e1licos, ebanistas y carpinteros, oficiales de alba\u00f1iler\u00eda, etc.<br><strong>Log\u00edstica y almacenaje:<\/strong> Toreros, mozos de almac\u00e9n, responsable de log\u00edstica, etc\u2026<br>Jornaleros para todo tipo de cultivos<br>Hosteler\u00eda y restauraci\u00f3n para bodas y hoteles<br>Cocineros para eventos sociales<br>Y muchas m\u00e1s actividades, <strong>no duden en consultarnos<\/strong><\/p>\n","protected":false},"excerpt":{"rendered":"<p>F&amp;Help \u51ed\u501f\u5728\u897f\u73ed\u4e8c\u5341\u591a\u5e74\u7684\u4e13\u4e1a\u7ecf\u9a8c\u548c\u5404\u884c\u4e1a\u4e30\u5bcc\u8d44\u6e90\uff0c\u65b0\u589e\u4eba\u529b\u8d44\u6e90\u5916\u5305\u670d\u52a1\uff0c\u627f\u63a5\u897f\u73ed\u7259\u70ed\u95e8\u884c\u4e1a\u5927\u91cf\u5de5\u4f5c\u5c97\u4f4d\uff0c \u4e3a\u534e\u4eba\u63d0\u4f9b\u5404\u79cd\u5de5\u4f5c\u5c97\u4f4d\u3002 \u884c\u4e1a\u4f18\u52bf\uff1a \u73b0\u6709\u884c\u4e1a\u9700\u6c42 En su larga trayectoria y experiencia como asesor\u00eda laboral y de RR.HH. a diferentes empresas y particulares les ofrecemos nuestro servicio de intermediaci\u00f3n laboral entre aut\u00f3nomos y empresas que requieran sus servicios.Nuestro departamento de RR.HH. selecciona al profesional, y sin ning\u00fan coste para su empresa, que necesite, d\u00e1ndole la mayor [&hellip;]<\/p>\n","protected":false},"author":1,"featured_media":0,"parent":0,"menu_order":0,"comment_status":"closed","ping_status":"closed","template":"","meta":{"_themeisle_gutenberg_block_has_review":false,"footnotes":""},"aioseo_notices":[],"_links":{"self":[{"href":"https:\/\/fhgestoria.es\/index.php\/wp-json\/wp\/v2\/pages\/98"}],"collection":[{"href":"https:\/\/fhgestoria.es\/index.php\/wp-json\/wp\/v2\/pages"}],"about":[{"href":"https:\/\/fhgestoria.es\/index.php\/wp-json\/wp\/v2\/types\/page"}],"author":[{"embeddable":true,"href":"https:\/\/fhgestoria.es\/index.php\/wp-json\/wp\/v2\/users\/1"}],"replies":[{"embeddable":true,"href":"https:\/\/fhgestoria.es\/index.php\/wp-json\/wp\/v2\/comments?post=98"}],"version-history":[{"count":12,"href":"https:\/\/fhgestoria.es\/index.php\/wp-json\/wp\/v2\/pages\/98\/revisions"}],"predecessor-version":[{"id":309,"href":"https:\/\/fhgestoria.es\/index.php\/wp-json\/wp\/v2\/pages\/98\/revisions\/309"}],"wp:attachment":[{"href":"https:\/\/fhgestoria.es\/index.php\/wp-json\/wp\/v2\/media?parent=98"}],"curies":[{"name":"wp","href":"https:\/\/api.w.org\/{rel}","templated":true}]}}